{"id":7170,"date":"2024-06-07T11:54:27","date_gmt":"2024-06-07T09:54:27","guid":{"rendered":"https:\/\/fierrovlc.com\/carito-and-german\/"},"modified":"2024-06-10T16:16:49","modified_gmt":"2024-06-10T14:16:49","slug":"carito-and-german","status":"publish","type":"page","link":"https:\/\/fierrovlc.com\/en\/carito-and-german\/","title":{"rendered":"Carito and Germ\u00e1n"},"content":{"rendered":"\t\t<div data-elementor-type=\"wp-page\" data-elementor-id=\"7170\" class=\"elementor elementor-7170 elementor-4788\" data-elementor-post-type=\"page\">\n\t\t\t\t<div class=\"elementor-element elementor-element-08eb5e9 e-flex e-con-boxed e-con e-parent\" data-id=\"08eb5e9\" data-element_type=\"container\">\n\t\t\t\t\t<div class=\"e-con-inner\">\n\t\t\t\t<div class=\"elementor-element elementor-element-94a7692 elementor-widget elementor-widget-heading\" data-id=\"94a7692\" data-element_type=\"widget\" data-widget_type=\"heading.default\">\n\t\t\t\t<div class=\"elementor-widget-container\">\n\t\t\t\t\t<h2 class=\"elementor-heading-title elementor-size-default\">OUR CHEFS<\/h2>\t\t\t\t<\/div>\n\t\t\t\t<\/div>\n\t\t\t\t\t<\/div>\n\t\t\t\t<\/div>\n\t\t<div class=\"elementor-element elementor-element-795d3f8 e-flex e-con-boxed e-con e-parent\" data-id=\"795d3f8\" data-element_type=\"container\" data-settings=\"{&quot;background_background&quot;:&quot;classic&quot;}\">\n\t\t\t\t\t<div class=\"e-con-inner\">\n\t\t\t\t<div class=\"elementor-element elementor-element-3c21e8f elementor-widget elementor-widget-heading\" data-id=\"3c21e8f\" data-element_type=\"widget\" data-widget_type=\"heading.default\">\n\t\t\t\t<div class=\"elementor-widget-container\">\n\t\t\t\t\t<h2 class=\"elementor-heading-title elementor-size-default\">Carito Louren\u00e7o<\/h2>\t\t\t\t<\/div>\n\t\t\t\t<\/div>\n\t\t\t\t<div class=\"elementor-element elementor-element-fdf02ec elementor-widget-mobile__width-initial elementor-widget__width-initial elementor-widget elementor-widget-text-editor\" data-id=\"fdf02ec\" data-element_type=\"widget\" data-widget_type=\"text-editor.default\">\n\t\t\t\t<div class=\"elementor-widget-container\">\n\t\t\t\t\t\t\t\t\t<p style=\"text-align: right;\">Carito is a creative head and soul. With the aim of <strong>generating a new culture of Mediterranean cuisine<\/strong>, it draws on its roots, traditions and the diverse pantry of Valencian gastronomy. It merges the frontiers of sweet and savory; it combines flavors treasured in memory with avant-garde techniques.<\/p>\n<p style=\"text-align: right;\"><strong><span class=\"TextRun SCXW69727904 BCX4\" lang=\"ES-ES\" xml:lang=\"ES-ES\" data-contrast=\"none\"><span class=\"NormalTextRun SCXW69727904 BCX4\" data-ccp-charstyle=\"Ninguno\" data-ccp-charstyle-defn=\"{\"ObjectId\":\"87067164-c95f-4947-8110-15e2d4c15f47|178\",\"ClassId\":1073872969,\"Properties\":[469775450,\"Ninguno\",201340122,\"1\",134233614,\"true\",469778129,\"Ninguno\",335572020,\"1\",335551547,\"1031\"]}\">&#8220;My kitchen is a continuous journey, it is a port where to arrive and find shelter and, at the same time, an open space where to build the gustatory memory of the future&#8221;.<\/span><\/span><\/strong><strong><span class=\"TextRun SCXW69727904 BCX4\" lang=\"ES-ES\" xml:lang=\"ES-ES\" data-contrast=\"none\"><span class=\"NormalTextRun SCXW69727904 BCX4\" data-ccp-charstyle=\"Ninguno\" data-ccp-charstyle-defn=\"{\"ObjectId\":\"87067164-c95f-4947-8110-15e2d4c15f47|178\",\"ClassId\":1073872969,\"Properties\":[469775450,\"Ninguno\",201340122,\"1\",134233614,\"true\",469778129,\"Ninguno\",335572020,\"1\",335551547,\"1031\"]}\"> <\/span><\/span><\/strong><\/p>\n\t\t\t\t\t\t\t\t<\/div>\n\t\t\t\t<\/div>\n\t\t\t\t<div class=\"elementor-element elementor-element-6476f5c elementor-widget elementor-widget-image\" data-id=\"6476f5c\" data-element_type=\"widget\" data-widget_type=\"image.default\">\n\t\t\t\t<div class=\"elementor-widget-container\">\n\t\t\t\t\t\t\t\t\t\t\t\t\t\t\t<img fetchpriority=\"high\" decoding=\"async\" width=\"726\" height=\"970\" src=\"https:\/\/fierrovlc.com\/wp-content\/uploads\/2024\/03\/Firma-Carito-Lourenco-editable-e1711125487700.png\" class=\"attachment-full size-full wp-image-7173\" alt=\"Signature of Chef Carito Louren\u00e7o\" srcset=\"https:\/\/fierrovlc.com\/wp-content\/uploads\/2024\/03\/Firma-Carito-Lourenco-editable-e1711125487700.png 726w, https:\/\/fierrovlc.com\/wp-content\/uploads\/2024\/03\/Firma-Carito-Lourenco-editable-e1711125487700-225x300.png 225w\" sizes=\"(max-width: 726px) 100vw, 726px\" \/>\t\t\t\t\t\t\t\t\t\t\t\t\t\t\t<\/div>\n\t\t\t\t<\/div>\n\t\t\t\t<div class=\"elementor-element elementor-element-ebf2dc9 elementor-shape-square e-grid-align-mobile-center elementor-widget-mobile__width-initial e-grid-align-right elementor-grid-0 elementor-widget elementor-widget-social-icons\" data-id=\"ebf2dc9\" data-element_type=\"widget\" data-widget_type=\"social-icons.default\">\n\t\t\t\t<div class=\"elementor-widget-container\">\n\t\t\t\t\t\t\t<div class=\"elementor-social-icons-wrapper elementor-grid\" role=\"list\">\n\t\t\t\t\t\t\t<span class=\"elementor-grid-item\" role=\"listitem\">\n\t\t\t\t\t<a class=\"elementor-icon elementor-social-icon elementor-social-icon-instagram elementor-repeater-item-ef87334\" href=\"https:\/\/www.instagram.com\/carito_lou\" target=\"_blank\">\n\t\t\t\t\t\t<span class=\"elementor-screen-only\">Instagram<\/span>\n\t\t\t\t\t\t<svg aria-hidden=\"true\" class=\"e-font-icon-svg e-fab-instagram\" viewBox=\"0 0 448 512\" xmlns=\"http:\/\/www.w3.org\/2000\/svg\"><path d=\"M224.1 141c-63.6 0-114.9 51.3-114.9 114.9s51.3 114.9 114.9 114.9S339 319.5 339 255.9 287.7 141 224.1 141zm0 189.6c-41.1 0-74.7-33.5-74.7-74.7s33.5-74.7 74.7-74.7 74.7 33.5 74.7 74.7-33.6 74.7-74.7 74.7zm146.4-194.3c0 14.9-12 26.8-26.8 26.8-14.9 0-26.8-12-26.8-26.8s12-26.8 26.8-26.8 26.8 12 26.8 26.8zm76.1 27.2c-1.7-35.9-9.9-67.7-36.2-93.9-26.2-26.2-58-34.4-93.9-36.2-37-2.1-147.9-2.1-184.9 0-35.8 1.7-67.6 9.9-93.9 36.1s-34.4 58-36.2 93.9c-2.1 37-2.1 147.9 0 184.9 1.7 35.9 9.9 67.7 36.2 93.9s58 34.4 93.9 36.2c37 2.1 147.9 2.1 184.9 0 35.9-1.7 67.7-9.9 93.9-36.2 26.2-26.2 34.4-58 36.2-93.9 2.1-37 2.1-147.8 0-184.8zM398.8 388c-7.8 19.6-22.9 34.7-42.6 42.6-29.5 11.7-99.5 9-132.1 9s-102.7 2.6-132.1-9c-19.6-7.8-34.7-22.9-42.6-42.6-11.7-29.5-9-99.5-9-132.1s-2.6-102.7 9-132.1c7.8-19.6 22.9-34.7 42.6-42.6 29.5-11.7 99.5-9 132.1-9s102.7-2.6 132.1 9c19.6 7.8 34.7 22.9 42.6 42.6 11.7 29.5 9 99.5 9 132.1s2.7 102.7-9 132.1z\"><\/path><\/svg>\t\t\t\t\t<\/a>\n\t\t\t\t<\/span>\n\t\t\t\t\t\t\t<span class=\"elementor-grid-item\" role=\"listitem\">\n\t\t\t\t\t<a class=\"elementor-icon elementor-social-icon elementor-social-icon-icon-twitter-x elementor-repeater-item-fcc46bf\" href=\"https:\/\/x.com\/carito_lou\" target=\"_blank\">\n\t\t\t\t\t\t<span class=\"elementor-screen-only\">Icon-twitter-x<\/span>\n\t\t\t\t\t\t<i aria-hidden=\"true\" class=\"icon icon-twitter-x\"><\/i>\t\t\t\t\t<\/a>\n\t\t\t\t<\/span>\n\t\t\t\t\t\t\t<span class=\"elementor-grid-item\" role=\"listitem\">\n\t\t\t\t\t<a class=\"elementor-icon elementor-social-icon elementor-social-icon-linkedin elementor-repeater-item-edbabbf\" href=\"https:\/\/www.linkedin.com\/in\/carito-Louren\u00e7o\" target=\"_blank\">\n\t\t\t\t\t\t<span class=\"elementor-screen-only\">Linkedin<\/span>\n\t\t\t\t\t\t<svg aria-hidden=\"true\" class=\"e-font-icon-svg e-fab-linkedin\" viewBox=\"0 0 448 512\" xmlns=\"http:\/\/www.w3.org\/2000\/svg\"><path d=\"M416 32H31.9C14.3 32 0 46.5 0 64.3v383.4C0 465.5 14.3 480 31.9 480H416c17.6 0 32-14.5 32-32.3V64.3c0-17.8-14.4-32.3-32-32.3zM135.4 416H69V202.2h66.5V416zm-33.2-243c-21.3 0-38.5-17.3-38.5-38.5S80.9 96 102.2 96c21.2 0 38.5 17.3 38.5 38.5 0 21.3-17.2 38.5-38.5 38.5zm282.1 243h-66.4V312c0-24.8-.5-56.7-34.5-56.7-34.6 0-39.9 27-39.9 54.9V416h-66.4V202.2h63.7v29.2h.9c8.9-16.8 30.6-34.5 62.9-34.5 67.2 0 79.7 44.3 79.7 101.9V416z\"><\/path><\/svg>\t\t\t\t\t<\/a>\n\t\t\t\t<\/span>\n\t\t\t\t\t\t\t<span class=\"elementor-grid-item\" role=\"listitem\">\n\t\t\t\t\t<a class=\"elementor-icon elementor-social-icon elementor-social-icon-arrow-alt-circle-right elementor-repeater-item-959f1e1\" href=\"https:\/\/fierrovlc.com\/en\/carito-lourenco\/\" target=\"_blank\">\n\t\t\t\t\t\t<span class=\"elementor-screen-only\">Arrow-alt-circle-right<\/span>\n\t\t\t\t\t\t<svg aria-hidden=\"true\" class=\"e-font-icon-svg e-far-arrow-alt-circle-right\" viewBox=\"0 0 512 512\" xmlns=\"http:\/\/www.w3.org\/2000\/svg\"><path d=\"M504 256C504 119 393 8 256 8S8 119 8 256s111 248 248 248 248-111 248-248zm-448 0c0-110.5 89.5-200 200-200s200 89.5 200 200-89.5 200-200 200S56 366.5 56 256zm72 20v-40c0-6.6 5.4-12 12-12h116v-67c0-10.7 12.9-16 20.5-8.5l99 99c4.7 4.7 4.7 12.3 0 17l-99 99c-7.6 7.6-20.5 2.2-20.5-8.5v-67H140c-6.6 0-12-5.4-12-12z\"><\/path><\/svg>\t\t\t\t\t<\/a>\n\t\t\t\t<\/span>\n\t\t\t\t\t<\/div>\n\t\t\t\t\t\t<\/div>\n\t\t\t\t<\/div>\n\t\t\t\t\t<\/div>\n\t\t\t\t<\/div>\n\t\t<div class=\"elementor-element elementor-element-a6b490d e-flex e-con-boxed e-con e-parent\" data-id=\"a6b490d\" data-element_type=\"container\" data-settings=\"{&quot;background_background&quot;:&quot;classic&quot;}\">\n\t\t\t\t\t<div class=\"e-con-inner\">\n\t\t\t\t<div class=\"elementor-element elementor-element-371e057 elementor-widget elementor-widget-heading\" data-id=\"371e057\" data-element_type=\"widget\" data-widget_type=\"heading.default\">\n\t\t\t\t<div class=\"elementor-widget-container\">\n\t\t\t\t\t<h2 class=\"elementor-heading-title elementor-size-default\">Germ\u00e1n Carrizo<\/h2>\t\t\t\t<\/div>\n\t\t\t\t<\/div>\n\t\t\t\t<div class=\"elementor-element elementor-element-7ef7cbd elementor-widget-mobile__width-initial elementor-widget__width-initial elementor-widget elementor-widget-text-editor\" data-id=\"7ef7cbd\" data-element_type=\"widget\" data-widget_type=\"text-editor.default\">\n\t\t\t\t<div class=\"elementor-widget-container\">\n\t\t\t\t\t\t\t\t\t<p>Germ\u00e1n is the protagonist of a new way of thinking and feeling Mediterranean cuisine.  <strong>The raw material of his work is emotion.<\/strong><\/p>\n<p>Throughout his vast trajectory, he has gained a deep knowledge of techniques and a great mastery of flavors that are the basis for his limitless creations.<\/p>\n<p><strong><span class=\"TextRun SCXW160199507 BCX4\" lang=\"ES-ES\" xml:lang=\"ES-ES\" data-contrast=\"none\"><span class=\"NormalTextRun SCXW160199507 BCX4\" data-ccp-charstyle=\"Ninguno\" data-ccp-charstyle-defn=\"{\"ObjectId\":\"87067164-c95f-4947-8110-15e2d4c15f47|178\",\"ClassId\":1073872969,\"Properties\":[469775450,\"Ninguno\",201340122,\"1\",134233614,\"true\",469778129,\"Ninguno\",335572020,\"1\",335551547,\"1031\"]}\">&#8220;Each dish is the essence of our journey, of our history and the reflection of our innovative look at gastronomy.&#8221;<\/span><\/span><span class=\"EOP SCXW160199507 BCX4\" data-ccp-props=\"{\"201341983\":0,\"335559740\":276}\"> <\/span><\/strong><\/p>\n\t\t\t\t\t\t\t\t<\/div>\n\t\t\t\t<\/div>\n\t\t\t\t<div class=\"elementor-element elementor-element-cec60bf elementor-widget elementor-widget-image\" data-id=\"cec60bf\" data-element_type=\"widget\" data-widget_type=\"image.default\">\n\t\t\t\t<div class=\"elementor-widget-container\">\n\t\t\t\t\t\t\t\t\t\t\t\t\t\t\t<img decoding=\"async\" width=\"491\" height=\"372\" src=\"https:\/\/fierrovlc.com\/wp-content\/uploads\/2024\/04\/FIRMA-DE-GERMAN-PARA-CAMBIAR-e1712190441387.png\" class=\"attachment-full size-full wp-image-7176\" alt=\"GERM\u00c1N&#039;S SIGNATURE\" srcset=\"https:\/\/fierrovlc.com\/wp-content\/uploads\/2024\/04\/FIRMA-DE-GERMAN-PARA-CAMBIAR-e1712190441387.png 491w, https:\/\/fierrovlc.com\/wp-content\/uploads\/2024\/04\/FIRMA-DE-GERMAN-PARA-CAMBIAR-e1712190441387-300x227.png 300w\" sizes=\"(max-width: 491px) 100vw, 491px\" \/>\t\t\t\t\t\t\t\t\t\t\t\t\t\t\t<\/div>\n\t\t\t\t<\/div>\n\t\t\t\t<div class=\"elementor-element elementor-element-bce76de elementor-shape-square e-grid-align-mobile-center elementor-widget-mobile__width-initial e-grid-align-left elementor-grid-0 elementor-widget elementor-widget-social-icons\" data-id=\"bce76de\" data-element_type=\"widget\" data-widget_type=\"social-icons.default\">\n\t\t\t\t<div class=\"elementor-widget-container\">\n\t\t\t\t\t\t\t<div class=\"elementor-social-icons-wrapper elementor-grid\" role=\"list\">\n\t\t\t\t\t\t\t<span class=\"elementor-grid-item\" role=\"listitem\">\n\t\t\t\t\t<a class=\"elementor-icon elementor-social-icon elementor-social-icon-instagram elementor-repeater-item-ef87334\" href=\"https:\/\/www.instagram.com\/ger_carrizo\" target=\"_blank\">\n\t\t\t\t\t\t<span class=\"elementor-screen-only\">Instagram<\/span>\n\t\t\t\t\t\t<svg aria-hidden=\"true\" class=\"e-font-icon-svg e-fab-instagram\" viewBox=\"0 0 448 512\" xmlns=\"http:\/\/www.w3.org\/2000\/svg\"><path d=\"M224.1 141c-63.6 0-114.9 51.3-114.9 114.9s51.3 114.9 114.9 114.9S339 319.5 339 255.9 287.7 141 224.1 141zm0 189.6c-41.1 0-74.7-33.5-74.7-74.7s33.5-74.7 74.7-74.7 74.7 33.5 74.7 74.7-33.6 74.7-74.7 74.7zm146.4-194.3c0 14.9-12 26.8-26.8 26.8-14.9 0-26.8-12-26.8-26.8s12-26.8 26.8-26.8 26.8 12 26.8 26.8zm76.1 27.2c-1.7-35.9-9.9-67.7-36.2-93.9-26.2-26.2-58-34.4-93.9-36.2-37-2.1-147.9-2.1-184.9 0-35.8 1.7-67.6 9.9-93.9 36.1s-34.4 58-36.2 93.9c-2.1 37-2.1 147.9 0 184.9 1.7 35.9 9.9 67.7 36.2 93.9s58 34.4 93.9 36.2c37 2.1 147.9 2.1 184.9 0 35.9-1.7 67.7-9.9 93.9-36.2 26.2-26.2 34.4-58 36.2-93.9 2.1-37 2.1-147.8 0-184.8zM398.8 388c-7.8 19.6-22.9 34.7-42.6 42.6-29.5 11.7-99.5 9-132.1 9s-102.7 2.6-132.1-9c-19.6-7.8-34.7-22.9-42.6-42.6-11.7-29.5-9-99.5-9-132.1s-2.6-102.7 9-132.1c7.8-19.6 22.9-34.7 42.6-42.6 29.5-11.7 99.5-9 132.1-9s102.7-2.6 132.1 9c19.6 7.8 34.7 22.9 42.6 42.6 11.7 29.5 9 99.5 9 132.1s2.7 102.7-9 132.1z\"><\/path><\/svg>\t\t\t\t\t<\/a>\n\t\t\t\t<\/span>\n\t\t\t\t\t\t\t<span class=\"elementor-grid-item\" role=\"listitem\">\n\t\t\t\t\t<a class=\"elementor-icon elementor-social-icon elementor-social-icon-icon-twitter-x elementor-repeater-item-fcc46bf\" href=\"https:\/\/x.com\/ger_carrizo\" target=\"_blank\">\n\t\t\t\t\t\t<span class=\"elementor-screen-only\">Icon-twitter-x<\/span>\n\t\t\t\t\t\t<i aria-hidden=\"true\" class=\"icon icon-twitter-x\"><\/i>\t\t\t\t\t<\/a>\n\t\t\t\t<\/span>\n\t\t\t\t\t\t\t<span class=\"elementor-grid-item\" role=\"listitem\">\n\t\t\t\t\t<a class=\"elementor-icon elementor-social-icon elementor-social-icon-linkedin elementor-repeater-item-edbabbf\" href=\"https:\/\/www.linkedin.com\/in\/germ%C3%A1n-carrizo-navarro-b5780182\" target=\"_blank\">\n\t\t\t\t\t\t<span class=\"elementor-screen-only\">Linkedin<\/span>\n\t\t\t\t\t\t<svg aria-hidden=\"true\" class=\"e-font-icon-svg e-fab-linkedin\" viewBox=\"0 0 448 512\" xmlns=\"http:\/\/www.w3.org\/2000\/svg\"><path d=\"M416 32H31.9C14.3 32 0 46.5 0 64.3v383.4C0 465.5 14.3 480 31.9 480H416c17.6 0 32-14.5 32-32.3V64.3c0-17.8-14.4-32.3-32-32.3zM135.4 416H69V202.2h66.5V416zm-33.2-243c-21.3 0-38.5-17.3-38.5-38.5S80.9 96 102.2 96c21.2 0 38.5 17.3 38.5 38.5 0 21.3-17.2 38.5-38.5 38.5zm282.1 243h-66.4V312c0-24.8-.5-56.7-34.5-56.7-34.6 0-39.9 27-39.9 54.9V416h-66.4V202.2h63.7v29.2h.9c8.9-16.8 30.6-34.5 62.9-34.5 67.2 0 79.7 44.3 79.7 101.9V416z\"><\/path><\/svg>\t\t\t\t\t<\/a>\n\t\t\t\t<\/span>\n\t\t\t\t\t\t\t<span class=\"elementor-grid-item\" role=\"listitem\">\n\t\t\t\t\t<a class=\"elementor-icon elementor-social-icon elementor-social-icon-arrow-alt-circle-right elementor-repeater-item-df37786\" href=\"https:\/\/fierrovlc.com\/en\/german-carrizo\/\" target=\"_blank\">\n\t\t\t\t\t\t<span class=\"elementor-screen-only\">Arrow-alt-circle-right<\/span>\n\t\t\t\t\t\t<svg aria-hidden=\"true\" class=\"e-font-icon-svg e-far-arrow-alt-circle-right\" viewBox=\"0 0 512 512\" xmlns=\"http:\/\/www.w3.org\/2000\/svg\"><path d=\"M504 256C504 119 393 8 256 8S8 119 8 256s111 248 248 248 248-111 248-248zm-448 0c0-110.5 89.5-200 200-200s200 89.5 200 200-89.5 200-200 200S56 366.5 56 256zm72 20v-40c0-6.6 5.4-12 12-12h116v-67c0-10.7 12.9-16 20.5-8.5l99 99c4.7 4.7 4.7 12.3 0 17l-99 99c-7.6 7.6-20.5 2.2-20.5-8.5v-67H140c-6.6 0-12-5.4-12-12z\"><\/path><\/svg>\t\t\t\t\t<\/a>\n\t\t\t\t<\/span>\n\t\t\t\t\t<\/div>\n\t\t\t\t\t\t<\/div>\n\t\t\t\t<\/div>\n\t\t\t\t\t<\/div>\n\t\t\t\t<\/div>\n\t\t<div class=\"elementor-element elementor-element-1ad693e e-flex e-con-boxed e-con e-parent\" data-id=\"1ad693e\" data-element_type=\"container\">\n\t\t\t\t\t<div class=\"e-con-inner\">\n\t\t\t\t<div class=\"elementor-element elementor-element-374cb26 elementor-widget elementor-widget-spacer\" data-id=\"374cb26\" data-element_type=\"widget\" data-widget_type=\"spacer.default\">\n\t\t\t\t<div class=\"elementor-widget-container\">\n\t\t\t\t\t\t\t<div class=\"elementor-spacer\">\n\t\t\t<div class=\"elementor-spacer-inner\"><\/div>\n\t\t<\/div>\n\t\t\t\t\t\t<\/div>\n\t\t\t\t<\/div>\n\t\t\t\t\t<\/div>\n\t\t\t\t<\/div>\n\t\t\t\t<\/div>\n\t\t","protected":false},"excerpt":{"rendered":"<p>OUR CHEFS Carito Louren\u00e7o Carito is a creative head and soul. With the aim of generating a new culture of Mediterranean cuisine, it draws on its roots, traditions and the diverse pantry of Valencian gastronomy. It merges the frontiers of sweet and savory; it combines flavors treasured in memory with avant-garde techniques. &#8220;My kitchen is [&hellip;]<\/p>\n","protected":false},"author":2,"featured_media":0,"parent":0,"menu_order":0,"comment_status":"closed","ping_status":"closed","template":"","meta":{"footnotes":""},"class_list":["post-7170","page","type-page","status-publish","hentry"],"yoast_head":"<!-- This site is optimized with the Yoast SEO plugin v26.2 - https:\/\/yoast.com\/wordpress\/plugins\/seo\/ -->\n<title>Carito Louren\u00e7o and Germ\u00e1n Carrizo - Restaurant Fierro<\/title>\n<meta name=\"description\" content=\"Carito Louren\u00e7o and Germ\u00e1n Carrizo are the chefs of the exclusive Michelin-starred Fierro restaurant in Valencia, Spain.\" \/>\n<meta name=\"robots\" content=\"index, follow, max-snippet:-1, max-image-preview:large, max-video-preview:-1\" \/>\n<link rel=\"canonical\" href=\"https:\/\/fierrovlc.com\/en\/carito-and-german\/\" \/>\n<meta property=\"og:locale\" content=\"en_US\" \/>\n<meta property=\"og:type\" content=\"article\" \/>\n<meta property=\"og:title\" content=\"Carito and Germ\u00e1n\" \/>\n<meta property=\"og:description\" content=\"Carito and Germ\u00e1n are the chefs of the exclusive Michelin-starred Fierro restaurant in Valencia, Spain.\" \/>\n<meta property=\"og:url\" content=\"https:\/\/fierrovlc.com\/en\/carito-and-german\/\" \/>\n<meta property=\"og:site_name\" content=\"Fierro\" \/>\n<meta property=\"article:modified_time\" content=\"2024-06-10T14:16:49+00:00\" \/>\n<meta property=\"og:image\" content=\"https:\/\/fierrovlc.com\/wp-content\/uploads\/2024\/03\/Firma-Carito-Lourenco-editable-e1711125487700.png\" \/>\n<meta name=\"twitter:card\" content=\"summary_large_image\" \/>\n<meta name=\"twitter:title\" content=\"Carito and Germ\u00e1n\" \/>\n<meta name=\"twitter:description\" content=\"Carito and Germ\u00e1n are the chefs of the exclusive Michelin-starred Fierro restaurant in Valencia, Spain.\" \/>\n<meta name=\"twitter:label1\" content=\"Est. reading time\" \/>\n\t<meta name=\"twitter:data1\" content=\"2 minutes\" \/>\n<script type=\"application\/ld+json\" class=\"yoast-schema-graph\">{\"@context\":\"https:\/\/schema.org\",\"@graph\":[{\"@type\":\"WebPage\",\"@id\":\"https:\/\/fierrovlc.com\/en\/carito-and-german\/\",\"url\":\"https:\/\/fierrovlc.com\/en\/carito-and-german\/\",\"name\":\"Carito Louren\u00e7o and Germ\u00e1n Carrizo - Restaurant Fierro\",\"isPartOf\":{\"@id\":\"https:\/\/fierrovlc.com\/en\/#website\"},\"primaryImageOfPage\":{\"@id\":\"https:\/\/fierrovlc.com\/en\/carito-and-german\/#primaryimage\"},\"image\":{\"@id\":\"https:\/\/fierrovlc.com\/en\/carito-and-german\/#primaryimage\"},\"thumbnailUrl\":\"https:\/\/fierrovlc.com\/wp-content\/uploads\/2024\/03\/Firma-Carito-Lourenco-editable-e1711125487700.png\",\"datePublished\":\"2024-06-07T09:54:27+00:00\",\"dateModified\":\"2024-06-10T14:16:49+00:00\",\"description\":\"Carito Louren\u00e7o and Germ\u00e1n Carrizo are the chefs of the exclusive Michelin-starred Fierro restaurant in Valencia, Spain.\",\"breadcrumb\":{\"@id\":\"https:\/\/fierrovlc.com\/en\/carito-and-german\/#breadcrumb\"},\"inLanguage\":\"en-US\",\"potentialAction\":[{\"@type\":\"ReadAction\",\"target\":[\"https:\/\/fierrovlc.com\/en\/carito-and-german\/\"]}]},{\"@type\":\"ImageObject\",\"inLanguage\":\"en-US\",\"@id\":\"https:\/\/fierrovlc.com\/en\/carito-and-german\/#primaryimage\",\"url\":\"https:\/\/fierrovlc.com\/wp-content\/uploads\/2024\/03\/Firma-Carito-Lourenco-editable-e1711125487700.png\",\"contentUrl\":\"https:\/\/fierrovlc.com\/wp-content\/uploads\/2024\/03\/Firma-Carito-Lourenco-editable-e1711125487700.png\"},{\"@type\":\"BreadcrumbList\",\"@id\":\"https:\/\/fierrovlc.com\/en\/carito-and-german\/#breadcrumb\",\"itemListElement\":[{\"@type\":\"ListItem\",\"position\":1,\"name\":\"Portada\",\"item\":\"https:\/\/fierrovlc.com\/en\/\"},{\"@type\":\"ListItem\",\"position\":2,\"name\":\"Carito and Germ\u00e1n\"}]},{\"@type\":\"WebSite\",\"@id\":\"https:\/\/fierrovlc.com\/en\/#website\",\"url\":\"https:\/\/fierrovlc.com\/en\/\",\"name\":\"Fierro\",\"description\":\"Espacio gastron\u00f3mico\",\"publisher\":{\"@id\":\"https:\/\/fierrovlc.com\/en\/#organization\"},\"potentialAction\":[{\"@type\":\"SearchAction\",\"target\":{\"@type\":\"EntryPoint\",\"urlTemplate\":\"https:\/\/fierrovlc.com\/en\/?s={search_term_string}\"},\"query-input\":{\"@type\":\"PropertyValueSpecification\",\"valueRequired\":true,\"valueName\":\"search_term_string\"}}],\"inLanguage\":\"en-US\"},{\"@type\":\"Organization\",\"@id\":\"https:\/\/fierrovlc.com\/en\/#organization\",\"name\":\"Fierro\",\"url\":\"https:\/\/fierrovlc.com\/en\/\",\"logo\":{\"@type\":\"ImageObject\",\"inLanguage\":\"en-US\",\"@id\":\"https:\/\/fierrovlc.com\/en\/#\/schema\/logo\/image\/\",\"url\":\"https:\/\/fierrovlc.com\/wp-content\/uploads\/2023\/12\/logo-nuevo-fierro-blanco.png\",\"contentUrl\":\"https:\/\/fierrovlc.com\/wp-content\/uploads\/2023\/12\/logo-nuevo-fierro-blanco.png\",\"width\":2710,\"height\":938,\"caption\":\"Fierro\"},\"image\":{\"@id\":\"https:\/\/fierrovlc.com\/en\/#\/schema\/logo\/image\/\"}}]}<\/script>\n<!-- \/ Yoast SEO plugin. -->","yoast_head_json":{"title":"Carito Louren\u00e7o and Germ\u00e1n Carrizo - Restaurant Fierro","description":"Carito Louren\u00e7o and Germ\u00e1n Carrizo are the chefs of the exclusive Michelin-starred Fierro restaurant in Valencia, Spain.","robots":{"index":"index","follow":"follow","max-snippet":"max-snippet:-1","max-image-preview":"max-image-preview:large","max-video-preview":"max-video-preview:-1"},"canonical":"https:\/\/fierrovlc.com\/en\/carito-and-german\/","og_locale":"en_US","og_type":"article","og_title":"Carito and Germ\u00e1n","og_description":"Carito and Germ\u00e1n are the chefs of the exclusive Michelin-starred Fierro restaurant in Valencia, Spain.","og_url":"https:\/\/fierrovlc.com\/en\/carito-and-german\/","og_site_name":"Fierro","article_modified_time":"2024-06-10T14:16:49+00:00","og_image":[{"url":"https:\/\/fierrovlc.com\/wp-content\/uploads\/2024\/03\/Firma-Carito-Lourenco-editable-e1711125487700.png","type":"","width":"","height":""}],"twitter_card":"summary_large_image","twitter_title":"Carito and Germ\u00e1n","twitter_description":"Carito and Germ\u00e1n are the chefs of the exclusive Michelin-starred Fierro restaurant in Valencia, Spain.","twitter_misc":{"Est. reading time":"2 minutes"},"schema":{"@context":"https:\/\/schema.org","@graph":[{"@type":"WebPage","@id":"https:\/\/fierrovlc.com\/en\/carito-and-german\/","url":"https:\/\/fierrovlc.com\/en\/carito-and-german\/","name":"Carito Louren\u00e7o and Germ\u00e1n Carrizo - Restaurant Fierro","isPartOf":{"@id":"https:\/\/fierrovlc.com\/en\/#website"},"primaryImageOfPage":{"@id":"https:\/\/fierrovlc.com\/en\/carito-and-german\/#primaryimage"},"image":{"@id":"https:\/\/fierrovlc.com\/en\/carito-and-german\/#primaryimage"},"thumbnailUrl":"https:\/\/fierrovlc.com\/wp-content\/uploads\/2024\/03\/Firma-Carito-Lourenco-editable-e1711125487700.png","datePublished":"2024-06-07T09:54:27+00:00","dateModified":"2024-06-10T14:16:49+00:00","description":"Carito Louren\u00e7o and Germ\u00e1n Carrizo are the chefs of the exclusive Michelin-starred Fierro restaurant in Valencia, Spain.","breadcrumb":{"@id":"https:\/\/fierrovlc.com\/en\/carito-and-german\/#breadcrumb"},"inLanguage":"en-US","potentialAction":[{"@type":"ReadAction","target":["https:\/\/fierrovlc.com\/en\/carito-and-german\/"]}]},{"@type":"ImageObject","inLanguage":"en-US","@id":"https:\/\/fierrovlc.com\/en\/carito-and-german\/#primaryimage","url":"https:\/\/fierrovlc.com\/wp-content\/uploads\/2024\/03\/Firma-Carito-Lourenco-editable-e1711125487700.png","contentUrl":"https:\/\/fierrovlc.com\/wp-content\/uploads\/2024\/03\/Firma-Carito-Lourenco-editable-e1711125487700.png"},{"@type":"BreadcrumbList","@id":"https:\/\/fierrovlc.com\/en\/carito-and-german\/#breadcrumb","itemListElement":[{"@type":"ListItem","position":1,"name":"Portada","item":"https:\/\/fierrovlc.com\/en\/"},{"@type":"ListItem","position":2,"name":"Carito and Germ\u00e1n"}]},{"@type":"WebSite","@id":"https:\/\/fierrovlc.com\/en\/#website","url":"https:\/\/fierrovlc.com\/en\/","name":"Fierro","description":"Espacio gastron\u00f3mico","publisher":{"@id":"https:\/\/fierrovlc.com\/en\/#organization"},"potentialAction":[{"@type":"SearchAction","target":{"@type":"EntryPoint","urlTemplate":"https:\/\/fierrovlc.com\/en\/?s={search_term_string}"},"query-input":{"@type":"PropertyValueSpecification","valueRequired":true,"valueName":"search_term_string"}}],"inLanguage":"en-US"},{"@type":"Organization","@id":"https:\/\/fierrovlc.com\/en\/#organization","name":"Fierro","url":"https:\/\/fierrovlc.com\/en\/","logo":{"@type":"ImageObject","inLanguage":"en-US","@id":"https:\/\/fierrovlc.com\/en\/#\/schema\/logo\/image\/","url":"https:\/\/fierrovlc.com\/wp-content\/uploads\/2023\/12\/logo-nuevo-fierro-blanco.png","contentUrl":"https:\/\/fierrovlc.com\/wp-content\/uploads\/2023\/12\/logo-nuevo-fierro-blanco.png","width":2710,"height":938,"caption":"Fierro"},"image":{"@id":"https:\/\/fierrovlc.com\/en\/#\/schema\/logo\/image\/"}}]}},"_links":{"self":[{"href":"https:\/\/fierrovlc.com\/en\/wp-json\/wp\/v2\/pages\/7170","targetHints":{"allow":["GET"]}}],"collection":[{"href":"https:\/\/fierrovlc.com\/en\/wp-json\/wp\/v2\/pages"}],"about":[{"href":"https:\/\/fierrovlc.com\/en\/wp-json\/wp\/v2\/types\/page"}],"author":[{"embeddable":true,"href":"https:\/\/fierrovlc.com\/en\/wp-json\/wp\/v2\/users\/2"}],"replies":[{"embeddable":true,"href":"https:\/\/fierrovlc.com\/en\/wp-json\/wp\/v2\/comments?post=7170"}],"version-history":[{"count":5,"href":"https:\/\/fierrovlc.com\/en\/wp-json\/wp\/v2\/pages\/7170\/revisions"}],"predecessor-version":[{"id":7387,"href":"https:\/\/fierrovlc.com\/en\/wp-json\/wp\/v2\/pages\/7170\/revisions\/7387"}],"wp:attachment":[{"href":"https:\/\/fierrovlc.com\/en\/wp-json\/wp\/v2\/media?parent=7170"}],"curies":[{"name":"wp","href":"https:\/\/api.w.org\/{rel}","templated":true}]}}